{"id":36985,"date":"2019-07-17T12:06:53","date_gmt":"2019-07-17T12:06:53","guid":{"rendered":"https:\/\/limes-int.com\/?page_id=36985"},"modified":"2026-01-16T14:59:17","modified_gmt":"2026-01-16T13:59:17","slug":"fiscalist-internationaal","status":"publish","type":"page","link":"https:\/\/limes-int.com\/nl\/werken-bij\/fiscalist-internationaal\/","title":{"rendered":"FISCALIST \u2013 INTERNATIONAAL"},"content":{"rendered":"<p><div class=\"fusion-fullwidth fullwidth-box fusion-builder-row-1 fusion-flex-container hundred-percent-fullwidth non-hundred-percent-height-scrolling\" style=\"--awb-border-radius-top-left:0px;--awb-border-radius-top-right:0px;--awb-border-radius-bottom-right:0px;--awb-border-radius-bottom-left:0px;--awb-padding-top:18px;--awb-padding-bottom:18px;--awb-margin-top:0px;--awb-margin-bottom:0px;--awb-flex-wrap:wrap;\" ><div class=\"fusion-builder-row fusion-row fusion-flex-align-items-flex-start fusion-flex-content-wrap\" style=\"width:104% !important;max-width:104% !important;margin-left: calc(-4% \/ 2 );margin-right: calc(-4% \/ 2 );\"><div class=\"fusion-layout-column fusion_builder_column fusion-builder-column-0 fusion_builder_column_1_5 1_5 fusion-flex-column\" style=\"--awb-bg-size:cover;--awb-width-large:20%;--awb-margin-top-large:15px;--awb-spacing-right-large:9.6%;--awb-margin-bottom-large:15px;--awb-spacing-left-large:9.6%;--awb-width-medium:100%;--awb-spacing-right-medium:1.92%;--awb-spacing-left-medium:1.92%;--awb-width-small:100%;--awb-spacing-right-small:1.92%;--awb-spacing-left-small:1.92%;\"><div class=\"fusion-column-wrapper fusion-column-has-shadow fusion-flex-justify-content-flex-start fusion-content-layout-column\"><\/div><\/div><div class=\"fusion-layout-column fusion_builder_column fusion-builder-column-1 fusion_builder_column_3_5 3_5 fusion-flex-column\" style=\"--awb-padding-top:18px;--awb-padding-right:50px;--awb-padding-left:50px;--awb-bg-size:cover;--awb-border-color:#fc6b21;--awb-border-top:1px;--awb-border-right:1px;--awb-border-bottom:1px;--awb-border-left:1px;--awb-border-style:solid;--awb-width-large:60%;--awb-margin-top-large:15px;--awb-spacing-right-large:3.2%;--awb-margin-bottom-large:15px;--awb-spacing-left-large:3.2%;--awb-width-medium:100%;--awb-spacing-right-medium:1.92%;--awb-spacing-left-medium:1.92%;--awb-width-small:100%;--awb-spacing-right-small:1.92%;--awb-spacing-left-small:1.92%;\"><div class=\"fusion-column-wrapper fusion-column-has-shadow fusion-flex-justify-content-flex-start fusion-content-layout-column\"><div class=\"fusion-text fusion-text-1\" style=\"--awb-text-transform:none;\"><p style=\"text-align: center;\">\ud83d\udccdValkenburg ZH\u00a0 \u23f1\ufe0f32-40 uur\u00a0 \ud83c\udfebhbo\/wo<\/p>\n<p>Je gaat werken in een team van specialisten, waarbij we gezamenlijk op zoek gaan naar de beste oplossing voor de cli\u00ebnt. Dit doen wij op een creatieve en pragmatische wijze en altijd vanuit een perfecte theoretische onderbouwing.<\/p>\n<h3><span style=\"color: #ff6600;\"><strong>Jouw werkzaamheden<\/strong><\/span><\/h3>\n<ul>\n<li>Bedrijven en particulieren adviseren die internationaal actief zijn. Je focus ligt dus op internationaal fiscaal recht en alles wat hierbij komt kijken. Je hebt op dit gebied enige kennis en ervaring opgebouwd, zodat je in staat bent zelfstandig uiteenlopende internationale fiscale vraagstukken te analyseren.<\/li>\n<li>Het (zelfstandig) analyseren van uiteenlopende fiscale vraagstukken. De uitkomst hiervan kun je vertalen naar een goed onderbouwd (zowel vaktechnisch als cijfermatig) en vooral helder advies op maat. De cli\u00ebnt begrijpt jouw advies en is er blij mee.<\/li>\n<li>Maken en geven van presentaties voor cli\u00ebnten en relaties.<\/li>\n<li>Actieve bijdrage leveren aan ons wekelijkse vaktechnisch overleg.<\/li>\n<li>Actief contact houden met cli\u00ebnten, de Belastingdienst en met de adviseurs in ons internationale netwerk. De cli\u00ebnten komen graag bij je terug en verwijzen ook hun relaties naar jou. Je bouwt zo je eigen netwerk op en breidt je cli\u00ebntenportefeuille verder uit.<\/li>\n<\/ul>\n<p>Bij LIMES international ben je een deskundig adviseur die van aanpakken weet en het fiscale vraagstuk daadwerkelijk oplost. Je wordt gestimuleerd in je ontwikkeling en doorgroei.<\/p>\n<h3><span style=\"color: #fc6b21;\"><strong>Jouw profiel<\/strong><\/span><\/h3>\n<ul>\n<li>Je bent op zoek naar topkwaliteit.<\/li>\n<li>Je bent gericht op samenwerken.<\/li>\n<li>Je bent ondernemend en ambitieus.<\/li>\n<li>Je bent enthousiast en gedreven, ook op vaktechnisch gebied.<\/li>\n<li>Je bent analytisch sterk.<\/li>\n<li>Je bent accuraat.<\/li>\n<li>Je hebt oog voor budget, voortgang en planning.<\/li>\n<li>Je bent communicatief sterk in woord en geschrift (Nederlands en Engels).<\/li>\n<li>Je hebt enige -aantoonbare- relevante ervaring als (internationaal) fiscaal adviseur.<\/li>\n<li>Je hebt een afgeronde hbo- of wo-opleiding in fiscale economie of fiscaal recht.<\/li>\n<\/ul>\n<h3><span style=\"color: #fc6b21;\"><strong>Waarom jij bij LIMES international wilt werken<\/strong><\/span><\/h3>\n<ul>\n<li>Wij staan voor een goede work-life balance.<\/li>\n<li>Je krijgt 31 vakantiedagen op fulltime basis en 8,33% vakantiegeld.<\/li>\n<li>Er is een pensioenregeling waarbij LIMES jouw gehele pensioenpremie betaalt.<\/li>\n<li>Je kunt gebruikmaken van verschillende opleidingsmogelijkheden.<\/li>\n<li>Via ons iGrow systeem maken we samen met jou een plan voor je professionele ontwikkeling.<\/li>\n<li>Dagelijkse lunch in restaurant LIMES aan de Rijn.<\/li>\n<li>Je doet mee met de LIMES bonusregeling.<\/li>\n<li>Bij deze functie behoort een leaseauto tot de arbeidsvoorwaarden.<\/li>\n<li>SAMEN dingen ondernemen vinden wij belangrijk, er worden dus regelmatig leuke activiteiten georganiseerd voor het gehele team.<\/li>\n<\/ul>\n<p>Meer informatie over werken bij LIMES? Hier is een linkje naar ons <a href=\"https:\/\/limesint.maglr.com\/werken-bij-limes\/cover\" target=\"_blank\" rel=\"noopener\">eMagazine<\/a>.<\/p>\n<p>Onderdeel van de sollicitatieprocedure is een inventarisatie van jouw gedragseigenschappen (DISC-profiel). Deze stelt ons in staat om jouw kwaliteiten optimaal te laten aansluiten bij die van het team, zodat we met elkaar voor het beste resultaat kunnen gaan.<\/p>\n<p>LIMES kan, afhankelijk van de functie, beslissen om een pre-employment screening uit te voeren. Dit om ons niveau van betrouwbaarheid en integriteit zo hoog mogelijk te houden.<\/p>\n<h3><span style=\"color: #fc6b21;\"><strong>LIMES in het kort<\/strong><\/span><\/h3>\n<p>LIMES international is een toonaangevende adviesorganisatie en wij maken graag het verschil! Onze klanten zijn internationaal en als specialist bieden wij oplossingen op het gebied van belastingheffing, sociale zekerheid, immigratie en juridische vraagstukken.<br \/>\nHet unieke van LIMES international is dat we een nichespeler zijn die de klanten, behalve vanuit de theorie, ook praktisch begeleidt en ontzorgt. Om dit goed te kunnen doen, besteden wij veel aandacht aan vaktechniek. LIMES bestaat uit 80 collega\u2019s die verspreid zijn over drie kantoren: het hoofdkantoor bevindt zich in Valkenburg (z.h.), maar er is ook een kantoor aan de bruisende Zuidas in Amsterdam en in Dendermonde (Belgi\u00eb).<\/p>\n<p>LIMES is in 2023 onderdeel geworden van de Schotse multinational activpayroll. Een leverancier van wereldwijde payroll- en HR oplossingen. Ambitie is wat activpayroll en LIMES international bij elkaar gebracht heeft. De gezamenlijke missie om te groeien en elkaar te versterken kenmerkt de volgende stap in het verhaal van LIMES: onze succesformule wereldwijd uitrollen.<\/p>\n<\/div><\/div><\/div><div class=\"fusion-layout-column fusion_builder_column fusion-builder-column-2 fusion_builder_column_1_5 1_5 fusion-flex-column\" style=\"--awb-bg-size:cover;--awb-width-large:20%;--awb-margin-top-large:15px;--awb-spacing-right-large:9.6%;--awb-margin-bottom-large:15px;--awb-spacing-left-large:9.6%;--awb-width-medium:100%;--awb-spacing-right-medium:1.92%;--awb-spacing-left-medium:1.92%;--awb-width-small:100%;--awb-spacing-right-small:1.92%;--awb-spacing-left-small:1.92%;\"><div class=\"fusion-column-wrapper fusion-column-has-shadow fusion-flex-justify-content-flex-start fusion-content-layout-column\"><\/div><\/div><\/div><\/div><div class=\"fusion-fullwidth fullwidth-box fusion-builder-row-2 fusion-flex-container nonhundred-percent-fullwidth non-hundred-percent-height-scrolling\" style=\"--awb-border-radius-top-left:0px;--awb-border-radius-top-right:0px;--awb-border-radius-bottom-right:0px;--awb-border-radius-bottom-left:0px;--awb-flex-wrap:wrap;\" ><div class=\"fusion-builder-row fusion-row fusion-flex-align-items-flex-start fusion-flex-content-wrap\" style=\"max-width:1227.2px;margin-left: calc(-4% \/ 2 );margin-right: calc(-4% \/ 2 );\"><div class=\"fusion-layout-column fusion_builder_column fusion-builder-column-3 fusion_builder_column_1_4 1_4 fusion-flex-column\" style=\"--awb-bg-size:cover;--awb-width-large:25%;--awb-margin-top-large:15px;--awb-spacing-right-large:7.68%;--awb-margin-bottom-large:15px;--awb-spacing-left-large:7.68%;--awb-width-medium:100%;--awb-spacing-right-medium:1.92%;--awb-spacing-left-medium:1.92%;--awb-width-small:100%;--awb-spacing-right-small:1.92%;--awb-spacing-left-small:1.92%;\"><div class=\"fusion-column-wrapper fusion-column-has-shadow fusion-flex-justify-content-flex-start fusion-content-layout-column\"><\/div><\/div><div class=\"fusion-layout-column fusion_builder_column fusion-builder-column-4 fusion_builder_column_1_2 1_2 fusion-flex-column\" style=\"--awb-bg-size:cover;--awb-width-large:50%;--awb-margin-top-large:15px;--awb-spacing-right-large:3.84%;--awb-margin-bottom-large:15px;--awb-spacing-left-large:3.84%;--awb-width-medium:100%;--awb-order-medium:0;--awb-spacing-right-medium:1.92%;--awb-spacing-left-medium:1.92%;--awb-width-small:100%;--awb-order-small:0;--awb-spacing-right-small:1.92%;--awb-spacing-left-small:1.92%;\" data-scroll-devices=\"small-visibility,medium-visibility,large-visibility\"><div class=\"fusion-column-wrapper fusion-column-has-shadow fusion-flex-justify-content-flex-start fusion-content-layout-column\"><div class=\"fusion-title title fusion-title-1 fusion-sep-none fusion-title-text fusion-title-size-three\" style=\"--awb-margin-top-small:0px;--awb-margin-right-small:0px;--awb-margin-bottom-small:20px;--awb-margin-left-small:0px;\"><h3 class=\"fusion-title-heading title-heading-left fusion-responsive-typography-calculated\" style=\"margin:0;--fontSize:28;line-height:1.15;\"><h3>Interesse?<\/h3><\/h3><\/div><div class=\"fusion-text fusion-text-2\"><p>Wij leren jou graag kennen! Solliciteren kan eenvoudig via de onderstaande button.<\/p>\n<p>Twijfel je nog of heb je vragen? Neem in dat geval gerust contact met ons op, we helpen je graag verder!<\/p>\n<div class=\"fusion-button-wrapper\"><a class=\"fusion-button button-flat fusion-button-default-size button-default fusion-button-default button-1 fusion-button-default-span fusion-button-default-type\" target=\"_self\" href=\"https:\/\/daywize.mendixcloud.com\/link\/LIMES_sollicitatieformulier?param=2082&amp;other=74456277-a3cc-45d6-87ec-c67a91a76018\" rel=\"noopener\"><span class=\"fusion-button-text awb-button__text awb-button__text--default\">Solliciteren<\/span><\/a><\/div>\n<\/div><div class=\"fusion-separator fusion-full-width-sep\" style=\"align-self: center;margin-left: auto;margin-right: auto;width:100%;\"><div class=\"fusion-separator-border sep-single\" style=\"--awb-height:20px;--awb-amount:20px;border-color:#e0dede;border-top-width:0px;\"><\/div><\/div><\/div><\/div><div class=\"fusion-layout-column fusion_builder_column fusion-builder-column-5 fusion_builder_column_1_4 1_4 fusion-flex-column\" style=\"--awb-bg-size:cover;--awb-width-large:25%;--awb-margin-top-large:15px;--awb-spacing-right-large:7.68%;--awb-margin-bottom-large:15px;--awb-spacing-left-large:7.68%;--awb-width-medium:100%;--awb-spacing-right-medium:1.92%;--awb-spacing-left-medium:1.92%;--awb-width-small:100%;--awb-spacing-right-small:1.92%;--awb-spacing-left-small:1.92%;\"><div class=\"fusion-column-wrapper fusion-column-has-shadow fusion-flex-justify-content-flex-start fusion-content-layout-column\"><\/div><\/div><\/div><\/div><\/p>\n","protected":false},"excerpt":{"rendered":"","protected":false},"author":6,"featured_media":42352,"parent":36873,"menu_order":0,"comment_status":"closed","ping_status":"closed","template":"100-width.php","meta":{"_acf_changed":false,"inline_featured_image":false,"footnotes":""},"hf_cat_page":[91],"class_list":["post-36985","page","type-page","status-publish","has-post-thumbnail","hentry"],"acf":[],"_links":{"self":[{"href":"https:\/\/limes-int.com\/nl\/wp-json\/wp\/v2\/pages\/36985","targetHints":{"allow":["GET"]}}],"collection":[{"href":"https:\/\/limes-int.com\/nl\/wp-json\/wp\/v2\/pages"}],"about":[{"href":"https:\/\/limes-int.com\/nl\/wp-json\/wp\/v2\/types\/page"}],"author":[{"embeddable":true,"href":"https:\/\/limes-int.com\/nl\/wp-json\/wp\/v2\/users\/6"}],"replies":[{"embeddable":true,"href":"https:\/\/limes-int.com\/nl\/wp-json\/wp\/v2\/comments?post=36985"}],"version-history":[{"count":4,"href":"https:\/\/limes-int.com\/nl\/wp-json\/wp\/v2\/pages\/36985\/revisions"}],"predecessor-version":[{"id":57325,"href":"https:\/\/limes-int.com\/nl\/wp-json\/wp\/v2\/pages\/36985\/revisions\/57325"}],"up":[{"embeddable":true,"href":"https:\/\/limes-int.com\/nl\/wp-json\/wp\/v2\/pages\/36873"}],"wp:featuredmedia":[{"embeddable":true,"href":"https:\/\/limes-int.com\/nl\/wp-json\/wp\/v2\/media\/42352"}],"wp:attachment":[{"href":"https:\/\/limes-int.com\/nl\/wp-json\/wp\/v2\/media?parent=36985"}],"wp:term":[{"taxonomy":"hf_cat_page","embeddable":true,"href":"https:\/\/limes-int.com\/nl\/wp-json\/wp\/v2\/hf_cat_page?post=36985"}],"curies":[{"name":"wp","href":"https:\/\/api.w.org\/{rel}","templated":true}]}}