{"id":42431,"date":"2022-09-13T14:56:00","date_gmt":"2022-09-13T12:56:00","guid":{"rendered":"https:\/\/limes-int.com\/?page_id=42431"},"modified":"2024-10-23T11:37:51","modified_gmt":"2024-10-23T09:37:51","slug":"team-limes-methode","status":"publish","type":"page","link":"https:\/\/limes-int.com\/nl\/team-limes-methode\/","title":{"rendered":"TEAM LIMES METHODE"},"content":{"rendered":"<div class=\"fusion-fullwidth fullwidth-box fusion-builder-row-1 fusion-flex-container nonhundred-percent-fullwidth non-hundred-percent-height-scrolling\" style=\"--awb-border-radius-top-left:0px;--awb-border-radius-top-right:0px;--awb-border-radius-bottom-right:0px;--awb-border-radius-bottom-left:0px;--awb-padding-top:40px;--awb-padding-bottom:70px;--awb-background-color:#ffffff;--awb-flex-wrap:wrap;\" ><div class=\"fusion-builder-row fusion-row fusion-flex-align-items-flex-start fusion-flex-content-wrap\" style=\"max-width:1227.2px;margin-left: calc(-4% \/ 2 );margin-right: calc(-4% \/ 2 );\"><div class=\"fusion-layout-column fusion_builder_column fusion-builder-column-0 fusion_builder_column_1_1 1_1 fusion-flex-column\" style=\"--awb-bg-size:cover;--awb-width-large:100%;--awb-margin-top-large:80px;--awb-spacing-right-large:1.92%;--awb-margin-bottom-large:60px;--awb-spacing-left-large:1.92%;--awb-width-medium:100%;--awb-spacing-right-medium:1.92%;--awb-spacing-left-medium:1.92%;--awb-width-small:100%;--awb-spacing-right-small:1.92%;--awb-spacing-left-small:1.92%;\"><div class=\"fusion-column-wrapper fusion-flex-justify-content-flex-start fusion-content-layout-column\"><div class=\"fusion-builder-row fusion-builder-row-inner fusion-row fusion-flex-align-items-flex-start fusion-flex-content-wrap\" style=\"--awb-flex-grow:0;--awb-flex-grow-medium:0;--awb-flex-grow-small:0;--awb-flex-shrink:0;--awb-flex-shrink-medium:0;--awb-flex-shrink-small:0;width:104% !important;max-width:104% !important;margin-left: calc(-4% \/ 2 );margin-right: calc(-4% \/ 2 );\"><div class=\"fusion-layout-column fusion_builder_column_inner fusion-builder-nested-column-0 fusion_builder_column_inner_1_2 1_2 fusion-flex-column\" style=\"--awb-bg-size:cover;--awb-width-large:50%;--awb-margin-top-large:15px;--awb-spacing-right-large:3.84%;--awb-margin-bottom-large:15px;--awb-spacing-left-large:3.84%;--awb-width-medium:100%;--awb-order-medium:0;--awb-spacing-right-medium:1.92%;--awb-spacing-left-medium:1.92%;--awb-width-small:100%;--awb-order-small:0;--awb-spacing-right-small:1.92%;--awb-spacing-left-small:1.92%;\"><div class=\"fusion-column-wrapper fusion-column-has-shadow fusion-flex-justify-content-flex-start fusion-content-layout-column\"><div class=\"fusion-text fusion-text-1\"><h2>Team LIMES Methode:<br \/>\nOnze 360\u00b0 aanpak<\/h2>\n<\/div><div class=\"fusion-text fusion-text-2\"><p>Het waarmaken van dromen. Het verrijken van je horizon. Het spannende van over grenzen werken. Dat inspireert. Maar, met wie ga je zulke uitdagingen aan? Vandaag de dag is het vinden van de juiste match belangrijker dan ooit. Met wie ga je in zee? Wie kun je echt vertrouwen? Dit geldt met name ook voor het vinden van de juiste adviespartner op het gebied van grensoverschrijdende activiteiten. Deze wereld is namelijk voortdurend onderhevig aan veranderingen. Dat impliceert ook een toenemende complexiteit in (internationale) wet- en regelgeving. Daarom biedt LIMES middels de Team LIMES Methode \u00e9cht integrale dienstverlening.<\/p>\n<\/div><\/div><\/div><div class=\"fusion-layout-column fusion_builder_column_inner fusion-builder-nested-column-1 fusion_builder_column_inner_1_2 1_2 fusion-flex-column\" style=\"--awb-bg-size:cover;--awb-width-large:50%;--awb-margin-top-large:15px;--awb-spacing-right-large:3.84%;--awb-margin-bottom-large:15px;--awb-spacing-left-large:3.84%;--awb-width-medium:100%;--awb-order-medium:0;--awb-spacing-right-medium:1.92%;--awb-spacing-left-medium:1.92%;--awb-width-small:100%;--awb-order-small:0;--awb-spacing-right-small:1.92%;--awb-spacing-left-small:1.92%;\"><div class=\"fusion-column-wrapper fusion-column-has-shadow fusion-flex-justify-content-flex-start fusion-content-layout-column\"><div class=\"fusion-image-element \" style=\"--awb-margin-top:0px;--awb-caption-title-font-family:var(--h2_typography-font-family);--awb-caption-title-font-weight:var(--h2_typography-font-weight);--awb-caption-title-font-style:var(--h2_typography-font-style);--awb-caption-title-size:var(--h2_typography-font-size);--awb-caption-title-transform:var(--h2_typography-text-transform);--awb-caption-title-line-height:var(--h2_typography-line-height);--awb-caption-title-letter-spacing:var(--h2_typography-letter-spacing);\"><span class=\" fusion-imageframe imageframe-none imageframe-1 hover-type-none\"><a href=\"https:\/\/limes-int.com\/wp-content\/uploads\/2022\/09\/Wereldbol-los-1-e1663596485449-600x524.png\" class=\"fusion-lightbox\" data-rel=\"iLightbox[95b84becd86c94b60ee]\" data-title=\"Wereldbol-los\" title=\"Wereldbol-los\"><img decoding=\"async\" width=\"600\" height=\"524\" src=\"https:\/\/limes-int.com\/wp-content\/uploads\/2022\/09\/Wereldbol-los-1-e1663596485449.png\" data-orig-src=\"https:\/\/limes-int.com\/wp-content\/uploads\/2022\/09\/Wereldbol-los-1-e1663596485449-600x524.png\" alt class=\"lazyload img-responsive wp-image-42569\" srcset=\"data:image\/svg+xml,%3Csvg%20xmlns%3D%27http%3A%2F%2Fwww.w3.org%2F2000%2Fsvg%27%20width%3D%271200%27%20height%3D%271048%27%20viewBox%3D%270%200%201200%201048%27%3E%3Crect%20width%3D%271200%27%20height%3D%271048%27%20fill-opacity%3D%220%22%2F%3E%3C%2Fsvg%3E\" data-srcset=\"https:\/\/limes-int.com\/wp-content\/uploads\/2022\/09\/Wereldbol-los-1-e1663596485449-200x175.png 200w, https:\/\/limes-int.com\/wp-content\/uploads\/2022\/09\/Wereldbol-los-1-e1663596485449-400x349.png 400w, https:\/\/limes-int.com\/wp-content\/uploads\/2022\/09\/Wereldbol-los-1-e1663596485449-600x524.png 600w, https:\/\/limes-int.com\/wp-content\/uploads\/2022\/09\/Wereldbol-los-1-e1663596485449-800x699.png 800w, https:\/\/limes-int.com\/wp-content\/uploads\/2022\/09\/Wereldbol-los-1-e1663596485449.png 1200w\" data-sizes=\"auto\" data-orig-sizes=\"(max-width: 1024px) 100vw, (max-width: 640px) 100vw, 600px\" \/><\/a><\/span><\/div><\/div><\/div><\/div><div class=\"fusion-builder-row fusion-builder-row-inner fusion-row fusion-flex-align-items-flex-start fusion-flex-content-wrap\" style=\"--awb-flex-grow:0;--awb-flex-grow-medium:0;--awb-flex-grow-small:0;--awb-flex-shrink:0;--awb-flex-shrink-medium:0;--awb-flex-shrink-small:0;width:104% !important;max-width:104% !important;margin-left: calc(-4% \/ 2 );margin-right: calc(-4% \/ 2 );\"><div class=\"fusion-layout-column fusion_builder_column_inner fusion-builder-nested-column-2 fusion_builder_column_inner_1_2 1_2 fusion-flex-column\" style=\"--awb-bg-size:cover;--awb-width-large:50%;--awb-margin-top-large:15px;--awb-spacing-right-large:3.84%;--awb-margin-bottom-large:15px;--awb-spacing-left-large:3.84%;--awb-width-medium:100%;--awb-order-medium:0;--awb-spacing-right-medium:1.92%;--awb-spacing-left-medium:1.92%;--awb-width-small:100%;--awb-order-small:0;--awb-spacing-right-small:1.92%;--awb-spacing-left-small:1.92%;\"><div class=\"fusion-column-wrapper fusion-column-has-shadow fusion-flex-justify-content-flex-start fusion-content-layout-column\"><div class=\"fusion-text fusion-text-3\"><h3>Gespecialiseerde teams met het juiste DNA<\/h3>\n<p>Hoe deze integrale dienstverlening er in de praktijk uitziet? Dan stellen we u eerst voor aan onze vijf hoofddisciplines, te weten: Global mobility tax, Business taxes, Legal, Immigration en Social Security. Vraagstukken bekijken wij altijd vanuit deze vijf samenhangende perspectieven. Dat begint met de analyse: het in kaart brengen van de huidige situatie, inclusief alle kansen en bedreigingen. Daar horen kritische vragen bij. Zo gaan wij op zoek naar de vraag achter de vraag. Met passie, maar ook nuchter en pragmatisch. Om complexe zaken tot heldere vragen te reduceren. En, cruciaal: Welke strategie gaan we toepassen? Want die wordt nauwgezet per project bepaald. Precies, puur maatwerk. Aan de hand hiervan stellen we in overleg met u een LIMES-team samen met specialisten uit de vereiste disciplines. Zo bent u zeker van het juiste DNA. Met de Team LIMES Methode cre\u00ebren we zo een optimale match om voor u de meest complete oplossingen en adviezen te genereren.<\/p>\n<\/div><\/div><\/div><div class=\"fusion-layout-column fusion_builder_column_inner fusion-builder-nested-column-3 fusion_builder_column_inner_1_2 1_2 fusion-flex-column\" style=\"--awb-bg-size:cover;--awb-width-large:50%;--awb-margin-top-large:15px;--awb-spacing-right-large:3.84%;--awb-margin-bottom-large:15px;--awb-spacing-left-large:3.84%;--awb-width-medium:100%;--awb-order-medium:0;--awb-spacing-right-medium:1.92%;--awb-spacing-left-medium:1.92%;--awb-width-small:100%;--awb-order-small:0;--awb-spacing-right-small:1.92%;--awb-spacing-left-small:1.92%;\"><div class=\"fusion-column-wrapper fusion-column-has-shadow fusion-flex-justify-content-flex-start fusion-content-layout-column\"><div class=\"fusion-text fusion-text-4\"><h3>Booster voor uw ambities<\/h3>\n<p>Een ge\u00efntegreerd projectadvies voor grensoverschrijdende activiteiten. Met alles onder \u00e9\u00e9n dak. En altijd compliant. Oftewel: volgens de relevante wet- en regelgeving. In deze snel veranderende wereld een belangrijk aandachtspunt. Als betrokken partner adviseren we daarom niet alleen over grensoverschrijdende activiteiten, maar verzorgen we met u ook de implementatie. Zo vormen wij de booster voor uw internationale ambities.<\/p>\n<p>Meer weten over de Team LIMES Methode? Neem vrijblijvend contact met ons op!<\/p>\n<\/div><div ><a class=\"fusion-button button-flat fusion-button-default-size button-default fusion-button-default button-1 fusion-button-default-span fusion-button-default-type\" target=\"_self\" href=\"https:\/\/limes-int.com\/nl\/contact-limes\/\"><span class=\"fusion-button-text awb-button__text awb-button__text--default\">Neem contact op<\/span><\/a><\/div><\/div><\/div><\/div><\/div><\/div><\/div><\/div>\n","protected":false},"excerpt":{"rendered":"","protected":false},"author":6,"featured_media":42432,"parent":0,"menu_order":0,"comment_status":"closed","ping_status":"closed","template":"100-width.php","meta":{"_acf_changed":false,"inline_featured_image":false,"footnotes":""},"hf_cat_page":[],"class_list":["post-42431","page","type-page","status-publish","has-post-thumbnail","hentry"],"acf":[],"_links":{"self":[{"href":"https:\/\/limes-int.com\/nl\/wp-json\/wp\/v2\/pages\/42431","targetHints":{"allow":["GET"]}}],"collection":[{"href":"https:\/\/limes-int.com\/nl\/wp-json\/wp\/v2\/pages"}],"about":[{"href":"https:\/\/limes-int.com\/nl\/wp-json\/wp\/v2\/types\/page"}],"author":[{"embeddable":true,"href":"https:\/\/limes-int.com\/nl\/wp-json\/wp\/v2\/users\/6"}],"replies":[{"embeddable":true,"href":"https:\/\/limes-int.com\/nl\/wp-json\/wp\/v2\/comments?post=42431"}],"version-history":[{"count":0,"href":"https:\/\/limes-int.com\/nl\/wp-json\/wp\/v2\/pages\/42431\/revisions"}],"wp:featuredmedia":[{"embeddable":true,"href":"https:\/\/limes-int.com\/nl\/wp-json\/wp\/v2\/media\/42432"}],"wp:attachment":[{"href":"https:\/\/limes-int.com\/nl\/wp-json\/wp\/v2\/media?parent=42431"}],"wp:term":[{"taxonomy":"hf_cat_page","embeddable":true,"href":"https:\/\/limes-int.com\/nl\/wp-json\/wp\/v2\/hf_cat_page?post=42431"}],"curies":[{"name":"wp","href":"https:\/\/api.w.org\/{rel}","templated":true}]}}